{"id":3081,"date":"2025-08-07T06:36:15","date_gmt":"2025-08-07T06:36:15","guid":{"rendered":"https:\/\/www.ladadudova.cz\/?page_id=3081"},"modified":"2025-08-28T07:56:23","modified_gmt":"2025-08-28T07:56:23","slug":"konzultace","status":"publish","type":"page","link":"https:\/\/www.ladadudova.cz\/?page_id=3081","title":{"rendered":"Konzultace"},"content":{"rendered":"\t\t<div data-elementor-type=\"wp-page\" data-elementor-id=\"3081\" class=\"elementor elementor-3081\" data-elementor-post-type=\"page\">\n\t\t\t\t<div class=\"elementor-element elementor-element-7612bb6 e-flex e-con-boxed e-con e-parent\" data-id=\"7612bb6\" data-element_type=\"container\" data-settings=\"{&quot;background_background&quot;:&quot;classic&quot;,&quot;shape_divider_top&quot;:&quot;waves&quot;,&quot;content_width&quot;:&quot;boxed&quot;}\" data-core-v316-plus=\"true\">\n\t\t\t\t\t<div class=\"e-con-inner\">\n\t\t\t\t<div class=\"elementor-shape elementor-shape-top\" data-negative=\"false\">\n\t\t\t<svg xmlns=\"http:\/\/www.w3.org\/2000\/svg\" viewBox=\"0 0 1000 100\" preserveAspectRatio=\"none\">\n\t<path class=\"elementor-shape-fill\" d=\"M421.9,6.5c22.6-2.5,51.5,0.4,75.5,5.3c23.6,4.9,70.9,23.5,100.5,35.7c75.8,32.2,133.7,44.5,192.6,49.7\n\tc23.6,2.1,48.7,3.5,103.4-2.5c54.7-6,106.2-25.6,106.2-25.6V0H0v30.3c0,0,72,32.6,158.4,30.5c39.2-0.7,92.8-6.7,134-22.4\n\tc21.2-8.1,52.2-18.2,79.7-24.2C399.3,7.9,411.6,7.5,421.9,6.5z\"\/>\n<\/svg>\t\t<\/div>\n\t\t<div class=\"elementor-element elementor-element-8a81f83 e-con-full e-flex e-con e-child\" data-id=\"8a81f83\" data-element_type=\"container\" data-settings=\"{&quot;content_width&quot;:&quot;full&quot;}\">\n\t\t\t\t<div class=\"elementor-element elementor-element-95cb70d elementor-widget elementor-widget-heading\" data-id=\"95cb70d\" data-element_type=\"widget\" data-widget_type=\"heading.default\">\n\t\t\t\t<div class=\"elementor-widget-container\">\n\t\t\t<style>\/*! elementor - v3.19.0 - 07-02-2024 *\/\n.elementor-heading-title{padding:0;margin:0;line-height:1}.elementor-widget-heading .elementor-heading-title[class*=elementor-size-]>a{color:inherit;font-size:inherit;line-height:inherit}.elementor-widget-heading .elementor-heading-title.elementor-size-small{font-size:15px}.elementor-widget-heading .elementor-heading-title.elementor-size-medium{font-size:19px}.elementor-widget-heading .elementor-heading-title.elementor-size-large{font-size:29px}.elementor-widget-heading .elementor-heading-title.elementor-size-xl{font-size:39px}.elementor-widget-heading .elementor-heading-title.elementor-size-xxl{font-size:59px}<\/style><h2 class=\"elementor-heading-title elementor-size-default\">Konzultace<\/h2>\t\t<\/div>\n\t\t\t\t<\/div>\n\t\t\t\t<div class=\"elementor-element elementor-element-6f84a6e elementor-widget elementor-widget-heading\" data-id=\"6f84a6e\" data-element_type=\"widget\" data-widget_type=\"heading.default\">\n\t\t\t\t<div class=\"elementor-widget-container\">\n\t\t\t<h2 class=\"elementor-heading-title elementor-size-default\">Lad\u011bn\u00ed t\u011bla a mysli\n<\/h2>\t\t<\/div>\n\t\t\t\t<\/div>\n\t\t\t\t<div class=\"elementor-element elementor-element-c7b5507 elementor-widget elementor-widget-text-editor\" data-id=\"c7b5507\" data-element_type=\"widget\" data-widget_type=\"text-editor.default\">\n\t\t\t\t<div class=\"elementor-widget-container\">\n\t\t\t<style>\/*! elementor - v3.19.0 - 07-02-2024 *\/\n.elementor-widget-text-editor.elementor-drop-cap-view-stacked .elementor-drop-cap{background-color:#69727d;color:#fff}.elementor-widget-text-editor.elementor-drop-cap-view-framed .elementor-drop-cap{color:#69727d;border:3px solid;background-color:transparent}.elementor-widget-text-editor:not(.elementor-drop-cap-view-default) .elementor-drop-cap{margin-top:8px}.elementor-widget-text-editor:not(.elementor-drop-cap-view-default) .elementor-drop-cap-letter{width:1em;height:1em}.elementor-widget-text-editor .elementor-drop-cap{float:left;text-align:center;line-height:1;font-size:50px}.elementor-widget-text-editor .elementor-drop-cap-letter{display:inline-block}<\/style>\t\t\t\t<p>P\u0159i pr\u00e1ci propojuji poznatky z fyziologie t\u011bla, bioenergetiky a psychosomatiky s vn\u00edm\u00e1n\u00edm proud\u011bn\u00ed energie. Tento zp\u016fsob naz\u00fdv\u00e1m <strong>somaticko &#8211; energetick\u00e9 lad\u011bn\u00ed<\/strong> &#8211; jemn\u00fd, ale hlubok\u00fd proces, kter\u00fd podporuje p\u0159irozenou rovnov\u00e1hu t\u011bla i mysli.<\/p><p>Spole\u010dn\u011b rozpozn\u00e1v\u00e1me skryt\u00e9 souvislosti. Uvol\u0148ujeme nap\u011bt\u00ed a nach\u00e1z\u00edme cestu k v\u011bt\u0161\u00ed lehkosti, vnit\u0159n\u00edmu klidu a jasnosti<\/p><ul><li>Kdy\u017e pot\u0159ebujete pochopit, co se ve v\u00e1s d\u011bje a co s t\u00edm d\u00e1l<\/li><li>Kdy\u017e se c\u00edt\u00edte p\u0159et\u00ed\u017een\u00e1, na rozcest\u00ed, v neust\u00e1l\u00e9 nejistot\u011b, ve fyzick\u00e9m nepohodl\u00ed<\/li><li>Kdy\u017e pot\u0159ebujete &#8222;n\u011bco jinak&#8220; a nev\u00edte, kde za\u010d\u00edt<\/li><li>Kdy\u017e c\u00edt\u00edte, \u017ee chcete \u017e\u00edt pln\u011bj\u0161\u00ed \u017divot<\/li><li>Kdy\u017e c\u00edt\u00edte zacyklenost ve sv\u00fdch my\u0161lenk\u00e1ch, pocitech<\/li><\/ul>\t\t\t\t\t\t<\/div>\n\t\t\t\t<\/div>\n\t\t\t\t<\/div>\n\t\t<div class=\"elementor-element elementor-element-e502fe9 e-con-full e-flex e-con e-child\" data-id=\"e502fe9\" data-element_type=\"container\" data-settings=\"{&quot;content_width&quot;:&quot;full&quot;}\">\n\t\t\t\t<div class=\"elementor-element elementor-element-c5fea7c elementor-widget elementor-widget-image\" data-id=\"c5fea7c\" data-element_type=\"widget\" data-widget_type=\"image.default\">\n\t\t\t\t<div class=\"elementor-widget-container\">\n\t\t\t<style>\/*! elementor - v3.19.0 - 07-02-2024 *\/\n.elementor-widget-image{text-align:center}.elementor-widget-image a{display:inline-block}.elementor-widget-image a img[src$=\".svg\"]{width:48px}.elementor-widget-image img{vertical-align:middle;display:inline-block}<\/style>\t\t\t\t\t\t\t\t\t\t<img fetchpriority=\"high\" decoding=\"async\" width=\"664\" height=\"664\" src=\"https:\/\/www.ladadudova.cz\/wp-content\/uploads\/2023\/10\/ADE_6161-copy.jpg\" class=\"attachment-large size-large wp-image-2444\" alt=\"\" srcset=\"https:\/\/www.ladadudova.cz\/wp-content\/uploads\/2023\/10\/ADE_6161-copy.jpg 664w, https:\/\/www.ladadudova.cz\/wp-content\/uploads\/2023\/10\/ADE_6161-copy-300x300.jpg 300w, https:\/\/www.ladadudova.cz\/wp-content\/uploads\/2023\/10\/ADE_6161-copy-150x150.jpg 150w\" sizes=\"(max-width: 664px) 100vw, 664px\" \/>\t\t\t\t\t\t\t\t\t\t\t\t\t<\/div>\n\t\t\t\t<\/div>\n\t\t\t\t<\/div>\n\t\t\t\t\t<\/div>\n\t\t\t\t<\/div>\n\t\t<div class=\"elementor-element elementor-element-484d022 e-flex e-con-boxed e-con e-parent\" data-id=\"484d022\" data-element_type=\"container\" data-settings=\"{&quot;content_width&quot;:&quot;boxed&quot;}\" data-core-v316-plus=\"true\">\n\t\t\t\t\t<div class=\"e-con-inner\">\n\t\t\t\t<div class=\"elementor-element elementor-element-dfc1ff2 elementor-widget elementor-widget-text-editor\" data-id=\"dfc1ff2\" data-element_type=\"widget\" data-widget_type=\"text-editor.default\">\n\t\t\t\t<div class=\"elementor-widget-container\">\n\t\t\t\t\t\t\t<h2><strong>Co\u00a0 nab\u00edz\u00edm<\/strong><\/h2><ul><li>Individu\u00e1ln\u00ed konzultace (osobn\u011b nebo online)<\/li><li>Naslouch\u00e1n\u00ed, vn\u00edm\u00e1n\u00ed emoc\u00ed, pocit\u016f a hlub\u0161\u00edch souvislost\u00ed<\/li><li>Pojmenv\u00e1n\u00ed psychosomatick\u00fdch t\u00e9mat, kter\u00e1 se mohou skr\u00fdvat za fyzick\u00fdmi nebo emo\u010dn\u00edmi projevy<\/li><li>Pr\u00e1ce s dechem a pohybem, bioenergetick\u00e9 lad\u011bn\u00ed t\u011bla.<\/li><li>Uv\u011bdomov\u00e1n\u00ed si vlastn\u00edho p\u0159\u00edb\u011bhu skrze t\u011blesn\u00fd pro\u017eitek\u00a0 a\u00a0 objevov\u00e1n\u00ed nov\u00fdch mo\u017enost\u00ed pro\u017e\u00edv\u00e1n\u00ed<\/li><\/ul>\t\t\t\t\t\t<\/div>\n\t\t\t\t<\/div>\n\t\t\t\t<div class=\"elementor-element elementor-element-2935d65 elementor-widget elementor-widget-text-editor\" data-id=\"2935d65\" data-element_type=\"widget\" data-widget_type=\"text-editor.default\">\n\t\t\t\t<div class=\"elementor-widget-container\">\n\t\t\t\t\t\t\t<h2><strong>Cena konzultace<\/strong><\/h2><p>Online konzultace\u00a0 500 K\u010d\/60 min<\/p><p>Osobn\u00ed setk\u00e1n\u00ed\u00a0 800 K\u010d\/60min<\/p><p>(pro osobn\u00ed setk\u00e1n\u00ed si pronaj\u00edm\u00e1m \u00fatuln\u00fd a bezpe\u010dn\u00fd prostor, kde spolu m\u016f\u017eeme b\u00fdt neru\u0161en\u011b. \u010d\u00e1st ceny tak pokr\u00fdv\u00e1 i tento prostor, abyste se c\u00edtila dob\u0159e a uvoln\u011bn\u011bn\u011b.)<\/p>\t\t\t\t\t\t<\/div>\n\t\t\t\t<\/div>\n\t\t\t\t\t<\/div>\n\t\t\t\t<\/div>\n\t\t<div class=\"elementor-element elementor-element-76748f6 e-flex e-con-boxed e-con e-parent\" data-id=\"76748f6\" data-element_type=\"container\" data-settings=\"{&quot;content_width&quot;:&quot;boxed&quot;}\" data-core-v316-plus=\"true\">\n\t\t\t\t\t<div class=\"e-con-inner\">\n\t\t<div class=\"elementor-element elementor-element-9af6e7e e-con-full e-flex e-con e-child\" data-id=\"9af6e7e\" data-element_type=\"container\" data-settings=\"{&quot;content_width&quot;:&quot;full&quot;}\">\n\t\t\t\t<div class=\"elementor-element elementor-element-26c2a57 elementor-widget elementor-widget-image\" data-id=\"26c2a57\" data-element_type=\"widget\" data-widget_type=\"image.default\">\n\t\t\t\t<div class=\"elementor-widget-container\">\n\t\t\t\t\t\t\t\t\t\t\t\t\t<img decoding=\"async\" width=\"246\" height=\"300\" src=\"https:\/\/www.ladadudova.cz\/wp-content\/uploads\/2025\/08\/IMG_20250412_125935_436-1@1553141214-1-246x300.jpg\" class=\"attachment-medium size-medium wp-image-3129\" alt=\"\" srcset=\"https:\/\/www.ladadudova.cz\/wp-content\/uploads\/2025\/08\/IMG_20250412_125935_436-1@1553141214-1-246x300.jpg 246w, https:\/\/www.ladadudova.cz\/wp-content\/uploads\/2025\/08\/IMG_20250412_125935_436-1@1553141214-1-841x1024.jpg 841w, https:\/\/www.ladadudova.cz\/wp-content\/uploads\/2025\/08\/IMG_20250412_125935_436-1@1553141214-1-768x936.jpg 768w, https:\/\/www.ladadudova.cz\/wp-content\/uploads\/2025\/08\/IMG_20250412_125935_436-1@1553141214-1-1261x1536.jpg 1261w, https:\/\/www.ladadudova.cz\/wp-content\/uploads\/2025\/08\/IMG_20250412_125935_436-1@1553141214-1.jpg 1329w\" sizes=\"(max-width: 246px) 100vw, 246px\" \/>\t\t\t\t\t\t\t\t\t\t\t\t\t<\/div>\n\t\t\t\t<\/div>\n\t\t\t\t<\/div>\n\t\t<div class=\"elementor-element elementor-element-dd9f7e9 e-con-full e-flex e-con e-child\" data-id=\"dd9f7e9\" data-element_type=\"container\" data-settings=\"{&quot;content_width&quot;:&quot;full&quot;}\">\n\t\t\t\t<div class=\"elementor-element elementor-element-1cdd027 elementor-widget elementor-widget-heading\" data-id=\"1cdd027\" data-element_type=\"widget\" data-widget_type=\"heading.default\">\n\t\t\t\t<div class=\"elementor-widget-container\">\n\t\t\t<h2 class=\"elementor-heading-title elementor-size-default\">Cesta k v\u011bt\u0161\u00ed stabilit\u011b<\/h2>\t\t<\/div>\n\t\t\t\t<\/div>\n\t\t\t\t<div class=\"elementor-element elementor-element-466215b elementor-widget elementor-widget-text-editor\" data-id=\"466215b\" data-element_type=\"widget\" data-widget_type=\"text-editor.default\">\n\t\t\t\t<div class=\"elementor-widget-container\">\n\t\t\t\t\t\t\t<p><strong>Bal\u00ed\u010dek &#8222;\u010cty\u0159i kroky ke stabilit\u011b&#8220;<\/strong><\/p><p class=\"cvGsUA direction-ltr align-center para-style-body\"><span class=\"a_GcMg font-feature-liga-off font-feature-clig-off font-feature-calt-off text-decoration-none text-strikethrough-none\">Bal\u00ed\u010dek je ide\u00e1ln\u00ed pro nastartov\u00e1n\u00ed prom\u011bny a nebo pro prvn\u00ed krok v jednom konkr\u00e9tn\u00edm t\u00e9matu, kter\u00e9 V\u00e1s te\u010f nejv\u00edce t\u00ed\u017e\u00ed.B\u011bhem \u010dty\u0159 navazuj\u00edc\u00edch sezen\u00ed projdeme od uvoln\u011bn\u00ed ke komplexn\u00edmu porozum\u011bn\u00ed a zakotven\u00ed nov\u00e9ho nastaven\u00ed.<\/span><\/p><p class=\"cvGsUA direction-ltr align-center para-style-body\"><span class=\"a_GcMg font-feature-liga-off font-feature-clig-off font-feature-calt-off text-decoration-none text-strikethrough-none\">R\u00e1da s v\u00e1mi pak nav\u00e1\u017eu dal\u0161\u00ed spolupr\u00e1ci podle va\u0161\u00ed aktu\u00e1ln\u00ed pot\u0159eby.<\/span><\/p><p>Online: 1900 K\u010d (4x 60 min nebo 2x 120 min)<\/p><p>Osobn\u011b: 3000 K\u010d (4&#215;60 min nebo 2x 120 min)<\/p><p>Nev\u00e1hejte mi napsat!<\/p>\t\t\t\t\t\t<\/div>\n\t\t\t\t<\/div>\n\t\t\t\t<div class=\"elementor-element elementor-element-d9d4023 elementor-widget elementor-widget-button\" data-id=\"d9d4023\" data-element_type=\"widget\" data-widget_type=\"button.default\">\n\t\t\t\t<div class=\"elementor-widget-container\">\n\t\t\t\t\t<div class=\"elementor-button-wrapper\">\n\t\t\t<a class=\"elementor-button elementor-button-link elementor-size-sm\" href=\"https:\/\/www.ladadudova.cz\/?page_id=2080\">\n\t\t\t\t\t\t<span class=\"elementor-button-content-wrapper\">\n\t\t\t\t\t\t<span class=\"elementor-button-text\">Kontaktujte m\u011b<\/span>\n\t\t<\/span>\n\t\t\t\t\t<\/a>\n\t\t<\/div>\n\t\t\t\t<\/div>\n\t\t\t\t<\/div>\n\t\t\t\t<\/div>\n\t\t\t\t\t<\/div>\n\t\t\t\t<\/div>\n\t\t<div class=\"elementor-element elementor-element-fb949fc e-flex e-con-boxed e-con e-parent\" data-id=\"fb949fc\" data-element_type=\"container\" data-settings=\"{&quot;background_background&quot;:&quot;classic&quot;,&quot;content_width&quot;:&quot;boxed&quot;}\" data-core-v316-plus=\"true\">\n\t\t\t\t\t<div class=\"e-con-inner\">\n\t\t\t\t<div class=\"elementor-element elementor-element-074bc3f elementor-widget elementor-widget-image\" data-id=\"074bc3f\" data-element_type=\"widget\" data-widget_type=\"image.default\">\n\t\t\t\t<div class=\"elementor-widget-container\">\n\t\t\t\t\t\t\t\t\t\t\t\t\t<img decoding=\"async\" width=\"768\" height=\"768\" src=\"https:\/\/www.ladadudova.cz\/wp-content\/uploads\/2025\/08\/ctyri-kroky-ke-stabilite-1-768x768.jpg\" class=\"attachment-medium_large size-medium_large wp-image-3232\" alt=\"\" srcset=\"https:\/\/www.ladadudova.cz\/wp-content\/uploads\/2025\/08\/ctyri-kroky-ke-stabilite-1-768x768.jpg 768w, https:\/\/www.ladadudova.cz\/wp-content\/uploads\/2025\/08\/ctyri-kroky-ke-stabilite-1-300x300.jpg 300w, https:\/\/www.ladadudova.cz\/wp-content\/uploads\/2025\/08\/ctyri-kroky-ke-stabilite-1-1024x1024.jpg 1024w, https:\/\/www.ladadudova.cz\/wp-content\/uploads\/2025\/08\/ctyri-kroky-ke-stabilite-1-150x150.jpg 150w, https:\/\/www.ladadudova.cz\/wp-content\/uploads\/2025\/08\/ctyri-kroky-ke-stabilite-1.jpg 1080w\" sizes=\"(max-width: 768px) 100vw, 768px\" \/>\t\t\t\t\t\t\t\t\t\t\t\t\t<\/div>\n\t\t\t\t<\/div>\n\t\t\t\t\t<\/div>\n\t\t\t\t<\/div>\n\t\t\t\t<\/div>\n\t\t","protected":false},"excerpt":{"rendered":"<p>Konzultace Lad\u011bn\u00ed t\u011bla a mysli P\u0159i pr\u00e1ci propojuji poznatky z fyziologie t\u011bla, bioenergetiky a psychosomatiky s vn\u00edm\u00e1n\u00edm proud\u011bn\u00ed energie. Tento zp\u016fsob naz\u00fdv\u00e1m somaticko &#8211; energetick\u00e9 lad\u011bn\u00ed &#8211; jemn\u00fd, ale hlubok\u00fd proces, kter\u00fd podporuje p\u0159irozenou rovnov\u00e1hu t\u011bla i mysli. Spole\u010dn\u011b rozpozn\u00e1v\u00e1me skryt\u00e9 souvislosti. Uvol\u0148ujeme nap\u011bt\u00ed a nach\u00e1z\u00edme cestu k v\u011bt\u0161\u00ed lehkosti, vnit\u0159n\u00edmu klidu a jasnosti Kdy\u017e [&hellip;]<\/p>\n","protected":false},"author":2,"featured_media":0,"parent":0,"menu_order":0,"comment_status":"closed","ping_status":"closed","template":"","meta":{"footnotes":""},"class_list":["post-3081","page","type-page","status-publish","hentry"],"_links":{"self":[{"href":"https:\/\/www.ladadudova.cz\/index.php?rest_route=\/wp\/v2\/pages\/3081","targetHints":{"allow":["GET"]}}],"collection":[{"href":"https:\/\/www.ladadudova.cz\/index.php?rest_route=\/wp\/v2\/pages"}],"about":[{"href":"https:\/\/www.ladadudova.cz\/index.php?rest_route=\/wp\/v2\/types\/page"}],"author":[{"embeddable":true,"href":"https:\/\/www.ladadudova.cz\/index.php?rest_route=\/wp\/v2\/users\/2"}],"replies":[{"embeddable":true,"href":"https:\/\/www.ladadudova.cz\/index.php?rest_route=%2Fwp%2Fv2%2Fcomments&post=3081"}],"version-history":[{"count":82,"href":"https:\/\/www.ladadudova.cz\/index.php?rest_route=\/wp\/v2\/pages\/3081\/revisions"}],"predecessor-version":[{"id":3280,"href":"https:\/\/www.ladadudova.cz\/index.php?rest_route=\/wp\/v2\/pages\/3081\/revisions\/3280"}],"wp:attachment":[{"href":"https:\/\/www.ladadudova.cz\/index.php?rest_route=%2Fwp%2Fv2%2Fmedia&parent=3081"}],"curies":[{"name":"wp","href":"https:\/\/api.w.org\/{rel}","templated":true}]}}