{"id":2843,"date":"2024-03-25T06:52:05","date_gmt":"2024-03-25T06:52:05","guid":{"rendered":"https:\/\/www.ladadudova.cz\/?page_id=2843"},"modified":"2025-09-20T20:06:31","modified_gmt":"2025-09-20T20:06:31","slug":"workshopy","status":"publish","type":"page","link":"https:\/\/www.ladadudova.cz\/?page_id=2843","title":{"rendered":"Workshopy"},"content":{"rendered":"\t\t<div data-elementor-type=\"wp-page\" data-elementor-id=\"2843\" class=\"elementor elementor-2843\" data-elementor-post-type=\"page\">\n\t\t\t\t<div class=\"elementor-element elementor-element-b37ffdb e-flex e-con-boxed e-con e-parent\" data-id=\"b37ffdb\" data-element_type=\"container\" data-settings=\"{&quot;background_background&quot;:&quot;classic&quot;,&quot;shape_divider_top&quot;:&quot;waves&quot;,&quot;content_width&quot;:&quot;boxed&quot;}\" data-core-v316-plus=\"true\">\n\t\t\t\t\t<div class=\"e-con-inner\">\n\t\t\t\t<div class=\"elementor-shape elementor-shape-top\" data-negative=\"false\">\n\t\t\t<svg xmlns=\"http:\/\/www.w3.org\/2000\/svg\" viewBox=\"0 0 1000 100\" preserveAspectRatio=\"none\">\n\t<path class=\"elementor-shape-fill\" d=\"M421.9,6.5c22.6-2.5,51.5,0.4,75.5,5.3c23.6,4.9,70.9,23.5,100.5,35.7c75.8,32.2,133.7,44.5,192.6,49.7\n\tc23.6,2.1,48.7,3.5,103.4-2.5c54.7-6,106.2-25.6,106.2-25.6V0H0v30.3c0,0,72,32.6,158.4,30.5c39.2-0.7,92.8-6.7,134-22.4\n\tc21.2-8.1,52.2-18.2,79.7-24.2C399.3,7.9,411.6,7.5,421.9,6.5z\"\/>\n<\/svg>\t\t<\/div>\n\t\t<div class=\"elementor-element elementor-element-0563f0d e-con-full e-flex e-con e-child\" data-id=\"0563f0d\" data-element_type=\"container\" data-settings=\"{&quot;content_width&quot;:&quot;full&quot;}\">\n\t\t\t\t<div class=\"elementor-element elementor-element-7ca7523 elementor-widget elementor-widget-image\" data-id=\"7ca7523\" data-element_type=\"widget\" data-widget_type=\"image.default\">\n\t\t\t\t<div class=\"elementor-widget-container\">\n\t\t\t<style>\/*! elementor - v3.19.0 - 07-02-2024 *\/\n.elementor-widget-image{text-align:center}.elementor-widget-image a{display:inline-block}.elementor-widget-image a img[src$=\".svg\"]{width:48px}.elementor-widget-image img{vertical-align:middle;display:inline-block}<\/style>\t\t\t\t\t\t\t\t\t\t<img fetchpriority=\"high\" decoding=\"async\" width=\"664\" height=\"664\" src=\"https:\/\/www.ladadudova.cz\/wp-content\/uploads\/2023\/10\/ADE_6161-copy.jpg\" class=\"attachment-large size-large wp-image-2444\" alt=\"\" srcset=\"https:\/\/www.ladadudova.cz\/wp-content\/uploads\/2023\/10\/ADE_6161-copy.jpg 664w, https:\/\/www.ladadudova.cz\/wp-content\/uploads\/2023\/10\/ADE_6161-copy-300x300.jpg 300w, https:\/\/www.ladadudova.cz\/wp-content\/uploads\/2023\/10\/ADE_6161-copy-150x150.jpg 150w\" sizes=\"(max-width: 664px) 100vw, 664px\" \/>\t\t\t\t\t\t\t\t\t\t\t\t\t<\/div>\n\t\t\t\t<\/div>\n\t\t\t\t<div class=\"elementor-element elementor-element-1ccdcac elementor-widget elementor-widget-image\" data-id=\"1ccdcac\" data-element_type=\"widget\" data-widget_type=\"image.default\">\n\t\t\t\t<div class=\"elementor-widget-container\">\n\t\t\t\t\t\t\t\t\t\t\t\t\t<img decoding=\"async\" width=\"800\" height=\"800\" src=\"https:\/\/www.ladadudova.cz\/wp-content\/uploads\/2023\/10\/lada-dudova-masaz-1024x1024.jpg\" class=\"attachment-large size-large wp-image-2448\" alt=\"\" srcset=\"https:\/\/www.ladadudova.cz\/wp-content\/uploads\/2023\/10\/lada-dudova-masaz-1024x1024.jpg 1024w, https:\/\/www.ladadudova.cz\/wp-content\/uploads\/2023\/10\/lada-dudova-masaz-300x300.jpg 300w, https:\/\/www.ladadudova.cz\/wp-content\/uploads\/2023\/10\/lada-dudova-masaz-150x150.jpg 150w, https:\/\/www.ladadudova.cz\/wp-content\/uploads\/2023\/10\/lada-dudova-masaz-768x768.jpg 768w, https:\/\/www.ladadudova.cz\/wp-content\/uploads\/2023\/10\/lada-dudova-masaz-1536x1536.jpg 1536w, https:\/\/www.ladadudova.cz\/wp-content\/uploads\/2023\/10\/lada-dudova-masaz-2048x2048.jpg 2048w\" sizes=\"(max-width: 800px) 100vw, 800px\" \/>\t\t\t\t\t\t\t\t\t\t\t\t\t<\/div>\n\t\t\t\t<\/div>\n\t\t\t\t<div class=\"elementor-element elementor-element-ae291b9 elementor-widget elementor-widget-text-path\" data-id=\"ae291b9\" data-element_type=\"widget\" data-settings=\"{&quot;text&quot;:&quot;Lad\\u011bn\\u00ed se na sebe samu...&quot;,&quot;link&quot;:{&quot;url&quot;:&quot;&quot;,&quot;is_external&quot;:&quot;&quot;,&quot;nofollow&quot;:&quot;&quot;,&quot;custom_attributes&quot;:&quot;&quot;},&quot;start_point&quot;:{&quot;unit&quot;:&quot;%&quot;,&quot;size&quot;:0,&quot;sizes&quot;:[]}}\" data-widget_type=\"text-path.default\">\n\t\t\t\t<div class=\"elementor-widget-container\">\n\t\t\t\t\t<div class=\"e-text-path\" data-text=\"Lad\u011bn&iacute; se na sebe samu...\" data-url=\"\/\/www.ladadudova.cz\/wp-content\/plugins\/elementor\/assets\/svg-paths\/circle.svg\" data-link-url=\"\"><\/div>\n\t\t\t\t<\/div>\n\t\t\t\t<\/div>\n\t\t\t\t<\/div>\n\t\t<div class=\"elementor-element elementor-element-c5ea243 e-con-full e-flex e-con e-child\" data-id=\"c5ea243\" data-element_type=\"container\" data-settings=\"{&quot;content_width&quot;:&quot;full&quot;}\">\n\t\t\t\t<div class=\"elementor-element elementor-element-c943254 elementor-widget elementor-widget-image\" data-id=\"c943254\" data-element_type=\"widget\" data-widget_type=\"image.default\">\n\t\t\t\t<div class=\"elementor-widget-container\">\n\t\t\t\t\t\t\t\t\t\t\t\t\t<img decoding=\"async\" width=\"300\" height=\"300\" src=\"https:\/\/www.ladadudova.cz\/wp-content\/uploads\/2023\/10\/Artboard-6.png\" class=\"attachment-large size-large wp-image-2359\" alt=\"\" srcset=\"https:\/\/www.ladadudova.cz\/wp-content\/uploads\/2023\/10\/Artboard-6.png 300w, https:\/\/www.ladadudova.cz\/wp-content\/uploads\/2023\/10\/Artboard-6-150x150.png 150w\" sizes=\"(max-width: 300px) 100vw, 300px\" \/>\t\t\t\t\t\t\t\t\t\t\t\t\t<\/div>\n\t\t\t\t<\/div>\n\t\t\t\t<div class=\"elementor-element elementor-element-e621879 elementor-widget elementor-widget-heading\" data-id=\"e621879\" data-element_type=\"widget\" data-widget_type=\"heading.default\">\n\t\t\t\t<div class=\"elementor-widget-container\">\n\t\t\t<style>\/*! elementor - v3.19.0 - 07-02-2024 *\/\n.elementor-heading-title{padding:0;margin:0;line-height:1}.elementor-widget-heading .elementor-heading-title[class*=elementor-size-]>a{color:inherit;font-size:inherit;line-height:inherit}.elementor-widget-heading .elementor-heading-title.elementor-size-small{font-size:15px}.elementor-widget-heading .elementor-heading-title.elementor-size-medium{font-size:19px}.elementor-widget-heading .elementor-heading-title.elementor-size-large{font-size:29px}.elementor-widget-heading .elementor-heading-title.elementor-size-xl{font-size:39px}.elementor-widget-heading .elementor-heading-title.elementor-size-xxl{font-size:59px}<\/style><h3 class=\"elementor-heading-title elementor-size-default\">V\u00edkendy a pobyty<\/h3>\t\t<\/div>\n\t\t\t\t<\/div>\n\t\t\t\t<div class=\"elementor-element elementor-element-82bf068 elementor-widget elementor-widget-text-editor\" data-id=\"82bf068\" data-element_type=\"widget\" data-widget_type=\"text-editor.default\">\n\t\t\t\t<div class=\"elementor-widget-container\">\n\t\t\t<style>\/*! elementor - v3.19.0 - 07-02-2024 *\/\n.elementor-widget-text-editor.elementor-drop-cap-view-stacked .elementor-drop-cap{background-color:#69727d;color:#fff}.elementor-widget-text-editor.elementor-drop-cap-view-framed .elementor-drop-cap{color:#69727d;border:3px solid;background-color:transparent}.elementor-widget-text-editor:not(.elementor-drop-cap-view-default) .elementor-drop-cap{margin-top:8px}.elementor-widget-text-editor:not(.elementor-drop-cap-view-default) .elementor-drop-cap-letter{width:1em;height:1em}.elementor-widget-text-editor .elementor-drop-cap{float:left;text-align:center;line-height:1;font-size:50px}.elementor-widget-text-editor .elementor-drop-cap-letter{display:inline-block}<\/style>\t\t\t\t<p class=\"p1\">Ud\u011blejte si pro sebe \u010das, vystupte z rutiny, zm\u011b\u0148te m\u00edsto, nechejte se inspirovat, odevzdejte se a nechte se &#8222;v\u00e9st&#8220;&#8230;k sob\u011b<\/p><p class=\"p1\">Objevujte, nechejte se v\u00e9st<\/p><p class=\"p2\">Znovu usly\u0161\u00edte sv\u00e9 srdce siln\u011b tlouct a poc\u00edt\u00edte s\u00edlu \u017eensk\u00e9 soun\u00e1le\u017eitosti.<\/p>\t\t\t\t\t\t<\/div>\n\t\t\t\t<\/div>\n\t\t\t\t<div class=\"elementor-element elementor-element-7deec65 elementor-align-center elementor-widget elementor-widget-button\" data-id=\"7deec65\" data-element_type=\"widget\" data-widget_type=\"button.default\">\n\t\t\t\t<div class=\"elementor-widget-container\">\n\t\t\t\t\t<div class=\"elementor-button-wrapper\">\n\t\t\t<a class=\"elementor-button elementor-button-link elementor-size-sm\" href=\"https:\/\/www.ladadudova.cz\/?page_id=2771\">\n\t\t\t\t\t\t<span class=\"elementor-button-content-wrapper\">\n\t\t\t\t\t\t<span class=\"elementor-button-text\">M\u00e1m odvahu v\u011bnovat \u010das sama sob\u011b<\/span>\n\t\t<\/span>\n\t\t\t\t\t<\/a>\n\t\t<\/div>\n\t\t\t\t<\/div>\n\t\t\t\t<\/div>\n\t\t\t\t<\/div>\n\t\t<div class=\"elementor-element elementor-element-d9eca6f e-con-full e-flex e-con e-child\" data-id=\"d9eca6f\" data-element_type=\"container\" data-settings=\"{&quot;content_width&quot;:&quot;full&quot;}\">\n\t\t\t\t<div class=\"elementor-element elementor-element-57d18d2 elementor-widget elementor-widget-image\" data-id=\"57d18d2\" data-element_type=\"widget\" data-widget_type=\"image.default\">\n\t\t\t\t<div class=\"elementor-widget-container\">\n\t\t\t\t\t\t\t\t\t\t\t\t\t<img loading=\"lazy\" decoding=\"async\" width=\"300\" height=\"300\" src=\"https:\/\/www.ladadudova.cz\/wp-content\/uploads\/2023\/10\/Artboard-5.png\" class=\"attachment-large size-large wp-image-2360\" alt=\"\" srcset=\"https:\/\/www.ladadudova.cz\/wp-content\/uploads\/2023\/10\/Artboard-5.png 300w, https:\/\/www.ladadudova.cz\/wp-content\/uploads\/2023\/10\/Artboard-5-150x150.png 150w\" sizes=\"(max-width: 300px) 100vw, 300px\" \/>\t\t\t\t\t\t\t\t\t\t\t\t\t<\/div>\n\t\t\t\t<\/div>\n\t\t\t\t<div class=\"elementor-element elementor-element-ee153a6 elementor-widget elementor-widget-heading\" data-id=\"ee153a6\" data-element_type=\"widget\" data-widget_type=\"heading.default\">\n\t\t\t\t<div class=\"elementor-widget-container\">\n\t\t\t<h3 class=\"elementor-heading-title elementor-size-default\">Vyla\u010fuj\u00edc\u00ed pohyb<\/h3>\t\t<\/div>\n\t\t\t\t<\/div>\n\t\t\t\t<div class=\"elementor-element elementor-element-2809211 elementor-widget elementor-widget-text-editor\" data-id=\"2809211\" data-element_type=\"widget\" data-widget_type=\"text-editor.default\">\n\t\t\t\t<div class=\"elementor-widget-container\">\n\t\t\t\t\t\t\t<p class=\"p1\">Otev\u0159ete sv\u00e9 t\u011blo v\u011bt\u0161\u00edmu pro\u017e\u00edvan\u00ed, c\u00edt\u011bn\u00ed, osv\u011b\u017een\u00ed. Jemny\u0301m citlivy\u0301m pohybem, ktery\u0301 se v\u011bnuje cel\u00e9mu t\u011blu, vyu\u017eit\u00edm dechu, st\u0159\u00edd\u00e1n\u00edm dynamiky a uvoln\u011bn\u00ed, na\u0161e t\u011bla nech\u00e1me &#8222;vypr\u00e1v\u011bt&#8220;<\/p><p class=\"p2\">Projasn\u00edme si sv\u00e9 my\u0161lenky, ud\u011bl\u00e1me si vnit\u0159n\u00ed &#8222;po\u0159\u00e1dek&#8220;, vypust\u00edme, co u\u017e neslou\u017e\u00ed, dopln\u00edme, co je pot\u0159eba.<\/p>\t\t\t\t\t\t<\/div>\n\t\t\t\t<\/div>\n\t\t\t\t<div class=\"elementor-element elementor-element-83799fd elementor-align-left elementor-widget elementor-widget-button\" data-id=\"83799fd\" data-element_type=\"widget\" data-widget_type=\"button.default\">\n\t\t\t\t<div class=\"elementor-widget-container\">\n\t\t\t\t\t<div class=\"elementor-button-wrapper\">\n\t\t\t<a class=\"elementor-button elementor-button-link elementor-size-sm\" href=\"https:\/\/www.ladadudova.cz\/?page_id=2082\">\n\t\t\t\t\t\t<span class=\"elementor-button-content-wrapper\">\n\t\t\t\t\t\t<span class=\"elementor-button-text\">Zaj\u00edm\u00e1 m\u011b to<\/span>\n\t\t<\/span>\n\t\t\t\t\t<\/a>\n\t\t<\/div>\n\t\t\t\t<\/div>\n\t\t\t\t<\/div>\n\t\t\t\t<\/div>\n\t\t\t\t\t<\/div>\n\t\t\t\t<\/div>\n\t\t\t\t<\/div>\n\t\t","protected":false},"excerpt":{"rendered":"<p>V\u00edkendy a pobyty Ud\u011blejte si pro sebe \u010das, vystupte z rutiny, zm\u011b\u0148te m\u00edsto, nechejte se inspirovat, odevzdejte se a nechte se &#8222;v\u00e9st&#8220;&#8230;k sob\u011b Objevujte, nechejte se v\u00e9st Znovu usly\u0161\u00edte sv\u00e9 srdce siln\u011b tlouct a poc\u00edt\u00edte s\u00edlu \u017eensk\u00e9 soun\u00e1le\u017eitosti. M\u00e1m odvahu v\u011bnovat \u010das sama sob\u011b Vyla\u010fuj\u00edc\u00ed pohyb Otev\u0159ete sv\u00e9 t\u011blo v\u011bt\u0161\u00edmu pro\u017e\u00edvan\u00ed, c\u00edt\u011bn\u00ed, osv\u011b\u017een\u00ed. Jemny\u0301m citlivy\u0301m [&hellip;]<\/p>\n","protected":false},"author":1,"featured_media":0,"parent":0,"menu_order":0,"comment_status":"closed","ping_status":"closed","template":"","meta":{"footnotes":""},"class_list":["post-2843","page","type-page","status-publish","hentry"],"_links":{"self":[{"href":"https:\/\/www.ladadudova.cz\/index.php?rest_route=\/wp\/v2\/pages\/2843","targetHints":{"allow":["GET"]}}],"collection":[{"href":"https:\/\/www.ladadudova.cz\/index.php?rest_route=\/wp\/v2\/pages"}],"about":[{"href":"https:\/\/www.ladadudova.cz\/index.php?rest_route=\/wp\/v2\/types\/page"}],"author":[{"embeddable":true,"href":"https:\/\/www.ladadudova.cz\/index.php?rest_route=\/wp\/v2\/users\/1"}],"replies":[{"embeddable":true,"href":"https:\/\/www.ladadudova.cz\/index.php?rest_route=%2Fwp%2Fv2%2Fcomments&post=2843"}],"version-history":[{"count":10,"href":"https:\/\/www.ladadudova.cz\/index.php?rest_route=\/wp\/v2\/pages\/2843\/revisions"}],"predecessor-version":[{"id":3332,"href":"https:\/\/www.ladadudova.cz\/index.php?rest_route=\/wp\/v2\/pages\/2843\/revisions\/3332"}],"wp:attachment":[{"href":"https:\/\/www.ladadudova.cz\/index.php?rest_route=%2Fwp%2Fv2%2Fmedia&parent=2843"}],"curies":[{"name":"wp","href":"https:\/\/api.w.org\/{rel}","templated":true}]}}