{"id":2082,"date":"2023-10-05T05:38:14","date_gmt":"2023-10-05T05:38:14","guid":{"rendered":"https:\/\/www.ladadudova.cz\/?page_id=2082"},"modified":"2026-01-05T12:53:45","modified_gmt":"2026-01-05T12:53:45","slug":"ladeni-tela-mysli-a-pocitu","status":"publish","type":"page","link":"https:\/\/www.ladadudova.cz\/?page_id=2082","title":{"rendered":"Lad\u011bn\u00ed t\u011bla, mysli a pocit\u016f"},"content":{"rendered":"\t\t<div data-elementor-type=\"wp-page\" data-elementor-id=\"2082\" class=\"elementor elementor-2082\" data-elementor-post-type=\"page\">\n\t\t\t\t<div class=\"elementor-element elementor-element-5af0838 e-flex e-con-boxed e-con e-parent\" data-id=\"5af0838\" data-element_type=\"container\" data-settings=\"{&quot;background_background&quot;:&quot;classic&quot;,&quot;shape_divider_top&quot;:&quot;waves&quot;,&quot;content_width&quot;:&quot;boxed&quot;}\" data-core-v316-plus=\"true\">\n\t\t\t\t\t<div class=\"e-con-inner\">\n\t\t\t\t<div class=\"elementor-shape elementor-shape-top\" data-negative=\"false\">\n\t\t\t<svg xmlns=\"http:\/\/www.w3.org\/2000\/svg\" viewBox=\"0 0 1000 100\" preserveAspectRatio=\"none\">\n\t<path class=\"elementor-shape-fill\" d=\"M421.9,6.5c22.6-2.5,51.5,0.4,75.5,5.3c23.6,4.9,70.9,23.5,100.5,35.7c75.8,32.2,133.7,44.5,192.6,49.7\n\tc23.6,2.1,48.7,3.5,103.4-2.5c54.7-6,106.2-25.6,106.2-25.6V0H0v30.3c0,0,72,32.6,158.4,30.5c39.2-0.7,92.8-6.7,134-22.4\n\tc21.2-8.1,52.2-18.2,79.7-24.2C399.3,7.9,411.6,7.5,421.9,6.5z\"\/>\n<\/svg>\t\t<\/div>\n\t\t<div class=\"elementor-element elementor-element-26f7780 e-con-full e-flex e-con e-child\" data-id=\"26f7780\" data-element_type=\"container\" data-settings=\"{&quot;content_width&quot;:&quot;full&quot;}\">\n\t\t\t\t<div class=\"elementor-element elementor-element-1e76dab elementor-widget elementor-widget-heading\" data-id=\"1e76dab\" data-element_type=\"widget\" data-widget_type=\"heading.default\">\n\t\t\t\t<div class=\"elementor-widget-container\">\n\t\t\t<style>\/*! elementor - v3.19.0 - 07-02-2024 *\/\n.elementor-heading-title{padding:0;margin:0;line-height:1}.elementor-widget-heading .elementor-heading-title[class*=elementor-size-]>a{color:inherit;font-size:inherit;line-height:inherit}.elementor-widget-heading .elementor-heading-title.elementor-size-small{font-size:15px}.elementor-widget-heading .elementor-heading-title.elementor-size-medium{font-size:19px}.elementor-widget-heading .elementor-heading-title.elementor-size-large{font-size:29px}.elementor-widget-heading .elementor-heading-title.elementor-size-xl{font-size:39px}.elementor-widget-heading .elementor-heading-title.elementor-size-xxl{font-size:59px}<\/style><h2 class=\"elementor-heading-title elementor-size-default\">Lad\u011bn\u00ed t\u011bla, mysli a pocit\u016f<\/h2>\t\t<\/div>\n\t\t\t\t<\/div>\n\t\t\t\t<div class=\"elementor-element elementor-element-599821c elementor-widget elementor-widget-text-editor\" data-id=\"599821c\" data-element_type=\"widget\" data-widget_type=\"text-editor.default\">\n\t\t\t\t<div class=\"elementor-widget-container\">\n\t\t\t<style>\/*! elementor - v3.19.0 - 07-02-2024 *\/\n.elementor-widget-text-editor.elementor-drop-cap-view-stacked .elementor-drop-cap{background-color:#69727d;color:#fff}.elementor-widget-text-editor.elementor-drop-cap-view-framed .elementor-drop-cap{color:#69727d;border:3px solid;background-color:transparent}.elementor-widget-text-editor:not(.elementor-drop-cap-view-default) .elementor-drop-cap{margin-top:8px}.elementor-widget-text-editor:not(.elementor-drop-cap-view-default) .elementor-drop-cap-letter{width:1em;height:1em}.elementor-widget-text-editor .elementor-drop-cap{float:left;text-align:center;line-height:1;font-size:50px}.elementor-widget-text-editor .elementor-drop-cap-letter{display:inline-block}<\/style>\t\t\t\t<p class=\"p1\">\u017divost, napln\u011bn\u00ed, smyslnost, zdrav\u00ed<\/p>\t\t\t\t\t\t<\/div>\n\t\t\t\t<\/div>\n\t\t\t\t<div class=\"elementor-element elementor-element-4f67fbb elementor-widget elementor-widget-text-editor\" data-id=\"4f67fbb\" data-element_type=\"widget\" data-widget_type=\"text-editor.default\">\n\t\t\t\t<div class=\"elementor-widget-container\">\n\t\t\t\t\t\t\t<p>Spole\u010dn\u011b v jemnosti, v propojen\u00ed s pohybem, dechem a hudbou:<\/p><ul><li>obnov\u00edme m\u011bkkost p\u00e1te\u0159e, kter\u00e1 v\u00e1m vr\u00e1t\u00ed svobodu i citlivost t\u011bla<\/li><li>rozvoln\u00edme zatuhl\u00e9 svaly, aby se nap\u011bt\u00ed mohlo rozvolnit a roz\u0161\u00ed\u0159il se v\u00e1\u0161 \u017eivotn\u00ed prostor<\/li><li>okysli\u010d\u00edme bu\u0148ky v t\u011ble a rozpohybujeme energii, kter\u00e1 znovu rozezn\u00ed va\u0161e t\u011blo zevnit\u0159<\/li><li>nastartujeme p\u0159irozeny\u0301 rytmus t\u011bla, kter\u00fd v\u00e1s podpo\u0159\u00ed nejen fyzicky, ale i emo\u010dn\u011b a ment\u00e1ln\u011b<\/li><li>uvoln\u00edme mysl<\/li><li>rozproud\u00edme energii<\/li><li>p\u0159ineseme v\u00edce pocitu lehkosti a bude se n\u00e1m dob\u0159e sp\u00e1t \ud83d\ude42<\/li><\/ul>\t\t\t\t\t\t<\/div>\n\t\t\t\t<\/div>\n\t\t\t\t<div class=\"elementor-element elementor-element-5731a56 elementor-widget elementor-widget-text-editor\" data-id=\"5731a56\" data-element_type=\"widget\" data-widget_type=\"text-editor.default\">\n\t\t\t\t<div class=\"elementor-widget-container\">\n\t\t\t\t\t\t\t<p class=\"p1\">Nejbli\u017e\u0161\u00ed Lad\u011bn\u00ed:<\/p><p class=\"p1\">14.1. 2026 Babi\u010d\u010dina zahrada, Pr\u016fhonice<\/p><p class=\"p1\">23.1. 2026 Scio \u0161kola Kol\u00edn<\/p>\t\t\t\t\t\t<\/div>\n\t\t\t\t<\/div>\n\t\t\t\t<div class=\"elementor-element elementor-element-9ba3ad4 elementor-widget elementor-widget-image\" data-id=\"9ba3ad4\" data-element_type=\"widget\" data-widget_type=\"image.default\">\n\t\t\t\t<div class=\"elementor-widget-container\">\n\t\t\t<style>\/*! elementor - v3.19.0 - 07-02-2024 *\/\n.elementor-widget-image{text-align:center}.elementor-widget-image a{display:inline-block}.elementor-widget-image a img[src$=\".svg\"]{width:48px}.elementor-widget-image img{vertical-align:middle;display:inline-block}<\/style>\t\t\t\t\t\t\t\t\t\t<img decoding=\"async\" src=\"https:\/\/www.ladadudova.cz\/wp-content\/uploads\/2025\/01\/Ladeni-Kolin-10.1.-1.mp4\" title=\"\" alt=\"\" loading=\"lazy\" \/>\t\t\t\t\t\t\t\t\t\t\t\t\t<\/div>\n\t\t\t\t<\/div>\n\t\t\t\t<div class=\"elementor-element elementor-element-67daa78 elementor-widget elementor-widget-text-editor\" data-id=\"67daa78\" data-element_type=\"widget\" data-widget_type=\"text-editor.default\">\n\t\t\t\t<div class=\"elementor-widget-container\">\n\t\t\t\t\t\t\t<p>Tento n\u011b\u017en\u00fd proces nen\u00ed pouh\u00fdm relaxem &#8211; je to p\u0159irozen\u011b strukturovan\u00fd p\u0159\u00edstup, kter\u00fd v\u00e1m pom\u016f\u017ee:<\/p><ul><li>obnovit spojen\u00ed se sv\u00fdm t\u011blem a vnit\u0159\u00edm rytmem &#8211; a t\u00edm sou\u010dasn\u011b uklidnit mysl<\/li><li>prom\u011bnit pro\u017eitky z t\u011blesn\u00fdch sign\u00e1l\u016f\u00a0 a ud\u011blat kl\u00ed\u010d k pochopen\u00ed vlastn\u00edch pot\u0159eb<\/li><li>v\u00e9st cestu k v\u00fdsledku &#8211; z\u00edskat stabilitu, jasnost vnit\u0159n\u00edho pro\u017e\u00edv\u00e1n\u00ed i s\u00edlu, jak v n\u011bm a sn\u00edm \u017e\u00edt<\/li><\/ul><p class=\"p1\">Vyu\u017e\u00edv\u00e1m poznatky z pr\u00e1ce s p\u00e1nevn\u00edm dnem, hluboky\u0301m stabiliza\u010dn\u00edm syst\u00e9mem, psychosomatiky a biodynamiky.<\/p><p class=\"p1\">A zejm\u00e9na zku\u0161enosti z m\u00e9ho vlastn\u00edho \u017eivota \u017deny\u00a0<\/p><p class=\"p1\">V pr\u00e1ci m\u011b podporuje n\u00e1dhern\u00e1 hudba z cel\u00e9ho sv\u011bta, kter\u00e1 kr\u00e1sn\u011b navozuje soulad prob\u00edhaj\u00edc\u00edho pohybu v t\u011ble.<\/p>\t\t\t\t\t\t<\/div>\n\t\t\t\t<\/div>\n\t\t\t\t<\/div>\n\t\t<div class=\"elementor-element elementor-element-3b14da8 e-con-full e-flex e-con e-child\" data-id=\"3b14da8\" data-element_type=\"container\" data-settings=\"{&quot;content_width&quot;:&quot;full&quot;}\">\n\t\t\t\t<div class=\"elementor-element elementor-element-31349e9 animated-slow elementor-invisible elementor-widget elementor-widget-image\" data-id=\"31349e9\" data-element_type=\"widget\" data-settings=\"{&quot;_animation&quot;:&quot;fadeIn&quot;,&quot;_animation_delay&quot;:200}\" data-widget_type=\"image.default\">\n\t\t\t\t<div class=\"elementor-widget-container\">\n\t\t\t\t\t\t\t\t\t\t\t\t\t<img fetchpriority=\"high\" decoding=\"async\" width=\"698\" height=\"684\" src=\"https:\/\/www.ladadudova.cz\/wp-content\/uploads\/2024\/02\/ADE_6256-e1708363354947.jpg\" class=\"attachment-large size-large wp-image-2716\" alt=\"\" srcset=\"https:\/\/www.ladadudova.cz\/wp-content\/uploads\/2024\/02\/ADE_6256-e1708363354947.jpg 698w, https:\/\/www.ladadudova.cz\/wp-content\/uploads\/2024\/02\/ADE_6256-e1708363354947-300x294.jpg 300w\" sizes=\"(max-width: 698px) 100vw, 698px\" \/>\t\t\t\t\t\t\t\t\t\t\t\t\t<\/div>\n\t\t\t\t<\/div>\n\t\t\t\t<div class=\"elementor-element elementor-element-d7795d8 animated-slow elementor-invisible elementor-widget elementor-widget-image\" data-id=\"d7795d8\" data-element_type=\"widget\" data-settings=\"{&quot;_animation&quot;:&quot;fadeIn&quot;,&quot;_animation_delay&quot;:300}\" data-widget_type=\"image.default\">\n\t\t\t\t<div class=\"elementor-widget-container\">\n\t\t\t\t\t\t\t\t\t\t\t\t\t<img decoding=\"async\" width=\"699\" height=\"684\" src=\"https:\/\/www.ladadudova.cz\/wp-content\/uploads\/2024\/02\/ADE_6295-e1708363283897.jpg\" class=\"attachment-large size-large wp-image-2710\" alt=\"\" srcset=\"https:\/\/www.ladadudova.cz\/wp-content\/uploads\/2024\/02\/ADE_6295-e1708363283897.jpg 699w, https:\/\/www.ladadudova.cz\/wp-content\/uploads\/2024\/02\/ADE_6295-e1708363283897-300x294.jpg 300w\" sizes=\"(max-width: 699px) 100vw, 699px\" \/>\t\t\t\t\t\t\t\t\t\t\t\t\t<\/div>\n\t\t\t\t<\/div>\n\t\t\t\t<\/div>\n\t\t\t\t<div class=\"elementor-element elementor-element-1f3deb1 elementor-widget elementor-widget-video\" data-id=\"1f3deb1\" data-element_type=\"widget\" data-settings=\"{&quot;youtube_url&quot;:&quot;https:\\\/\\\/www.facebook.com\\\/reel\\\/914352237560528&quot;,&quot;video_type&quot;:&quot;youtube&quot;,&quot;controls&quot;:&quot;yes&quot;}\" data-widget_type=\"video.default\">\n\t\t\t\t<div class=\"elementor-widget-container\">\n\t\t\t<style>\/*! elementor - v3.19.0 - 07-02-2024 *\/\n.elementor-widget-video .elementor-widget-container{overflow:hidden;transform:translateZ(0)}.elementor-widget-video .elementor-wrapper{aspect-ratio:var(--video-aspect-ratio)}.elementor-widget-video .elementor-wrapper iframe,.elementor-widget-video .elementor-wrapper video{height:100%;width:100%;display:flex;border:none;background-color:#000}@supports not (aspect-ratio:1\/1){.elementor-widget-video .elementor-wrapper{position:relative;overflow:hidden;height:0;padding-bottom:calc(100% \/ var(--video-aspect-ratio))}.elementor-widget-video .elementor-wrapper iframe,.elementor-widget-video .elementor-wrapper video{position:absolute;top:0;right:0;bottom:0;left:0}}.elementor-widget-video .elementor-open-inline .elementor-custom-embed-image-overlay{position:absolute;top:0;right:0;bottom:0;left:0;background-size:cover;background-position:50%}.elementor-widget-video .elementor-custom-embed-image-overlay{cursor:pointer;text-align:center}.elementor-widget-video .elementor-custom-embed-image-overlay:hover .elementor-custom-embed-play i{opacity:1}.elementor-widget-video .elementor-custom-embed-image-overlay img{display:block;width:100%;aspect-ratio:var(--video-aspect-ratio);-o-object-fit:cover;object-fit:cover;-o-object-position:center center;object-position:center center}@supports not (aspect-ratio:1\/1){.elementor-widget-video .elementor-custom-embed-image-overlay{position:relative;overflow:hidden;height:0;padding-bottom:calc(100% \/ var(--video-aspect-ratio))}.elementor-widget-video .elementor-custom-embed-image-overlay img{position:absolute;top:0;right:0;bottom:0;left:0}}.elementor-widget-video .e-hosted-video .elementor-video{-o-object-fit:cover;object-fit:cover}.e-con-inner>.elementor-widget-video,.e-con>.elementor-widget-video{width:var(--container-widget-width);--flex-grow:var(--container-widget-flex-grow)}<\/style>\t\t<div class=\"elementor-wrapper elementor-open-inline\">\n\t\t\t<div class=\"elementor-video\"><\/div>\t\t<\/div>\n\t\t\t\t<\/div>\n\t\t\t\t<\/div>\n\t\t\t\t\t<\/div>\n\t\t\t\t<\/div>\n\t\t<div class=\"elementor-element elementor-element-3f621db e-flex e-con-boxed e-con e-parent\" data-id=\"3f621db\" data-element_type=\"container\" data-settings=\"{&quot;content_width&quot;:&quot;boxed&quot;}\" data-core-v316-plus=\"true\">\n\t\t\t\t\t<div class=\"e-con-inner\">\n\t\t\t\t<div class=\"elementor-element elementor-element-ce932ac elementor-widget elementor-widget-video\" data-id=\"ce932ac\" data-element_type=\"widget\" data-settings=\"{&quot;video_type&quot;:&quot;videopress&quot;,&quot;autoplay&quot;:&quot;yes&quot;,&quot;controls&quot;:&quot;yes&quot;}\" data-widget_type=\"video.default\">\n\t\t\t\t<div class=\"elementor-widget-container\">\n\t\t\thttps:\/\/www.facebook.com\/reel\/914352237560528\t\t<\/div>\n\t\t\t\t<\/div>\n\t\t\t\t\t<\/div>\n\t\t\t\t<\/div>\n\t\t\t\t<\/div>\n\t\t","protected":false},"excerpt":{"rendered":"<p>Lad\u011bn\u00ed t\u011bla, mysli a pocit\u016f \u017divost, napln\u011bn\u00ed, smyslnost, zdrav\u00ed Spole\u010dn\u011b v jemnosti, v propojen\u00ed s pohybem, dechem a hudbou: obnov\u00edme m\u011bkkost p\u00e1te\u0159e, kter\u00e1 v\u00e1m vr\u00e1t\u00ed svobodu i citlivost t\u011bla rozvoln\u00edme zatuhl\u00e9 svaly, aby se nap\u011bt\u00ed mohlo rozvolnit a roz\u0161\u00ed\u0159il se v\u00e1\u0161 \u017eivotn\u00ed prostor okysli\u010d\u00edme bu\u0148ky v t\u011ble a rozpohybujeme energii, kter\u00e1 znovu rozezn\u00ed va\u0161e t\u011blo [&hellip;]<\/p>\n","protected":false},"author":1,"featured_media":0,"parent":0,"menu_order":0,"comment_status":"closed","ping_status":"closed","template":"","meta":{"footnotes":""},"class_list":["post-2082","page","type-page","status-publish","hentry"],"_links":{"self":[{"href":"https:\/\/www.ladadudova.cz\/index.php?rest_route=\/wp\/v2\/pages\/2082","targetHints":{"allow":["GET"]}}],"collection":[{"href":"https:\/\/www.ladadudova.cz\/index.php?rest_route=\/wp\/v2\/pages"}],"about":[{"href":"https:\/\/www.ladadudova.cz\/index.php?rest_route=\/wp\/v2\/types\/page"}],"author":[{"embeddable":true,"href":"https:\/\/www.ladadudova.cz\/index.php?rest_route=\/wp\/v2\/users\/1"}],"replies":[{"embeddable":true,"href":"https:\/\/www.ladadudova.cz\/index.php?rest_route=%2Fwp%2Fv2%2Fcomments&post=2082"}],"version-history":[{"count":107,"href":"https:\/\/www.ladadudova.cz\/index.php?rest_route=\/wp\/v2\/pages\/2082\/revisions"}],"predecessor-version":[{"id":3513,"href":"https:\/\/www.ladadudova.cz\/index.php?rest_route=\/wp\/v2\/pages\/2082\/revisions\/3513"}],"wp:attachment":[{"href":"https:\/\/www.ladadudova.cz\/index.php?rest_route=%2Fwp%2Fv2%2Fmedia&parent=2082"}],"curies":[{"name":"wp","href":"https:\/\/api.w.org\/{rel}","templated":true}]}}