{"id":2081,"date":"2023-10-05T05:38:14","date_gmt":"2023-10-05T05:38:14","guid":{"rendered":"https:\/\/www.ladadudova.cz\/?page_id=2081"},"modified":"2026-01-22T09:49:42","modified_gmt":"2026-01-22T09:49:42","slug":"vikendy","status":"publish","type":"page","link":"https:\/\/www.ladadudova.cz\/?page_id=2081","title":{"rendered":"Relaxa\u010dn\u00ed v\u00edkend 12.-14.6. 2026"},"content":{"rendered":"\t\t<div data-elementor-type=\"wp-page\" data-elementor-id=\"2081\" class=\"elementor elementor-2081\" data-elementor-post-type=\"page\">\n\t\t\t\t<div class=\"elementor-element elementor-element-675936d e-flex e-con-boxed e-con e-parent\" data-id=\"675936d\" data-element_type=\"container\" data-settings=\"{&quot;background_background&quot;:&quot;classic&quot;,&quot;shape_divider_top&quot;:&quot;waves&quot;,&quot;content_width&quot;:&quot;boxed&quot;}\" data-core-v316-plus=\"true\">\n\t\t\t\t\t<div class=\"e-con-inner\">\n\t\t\t\t<div class=\"elementor-shape elementor-shape-top\" data-negative=\"false\">\n\t\t\t<svg xmlns=\"http:\/\/www.w3.org\/2000\/svg\" viewBox=\"0 0 1000 100\" preserveAspectRatio=\"none\">\n\t<path class=\"elementor-shape-fill\" d=\"M421.9,6.5c22.6-2.5,51.5,0.4,75.5,5.3c23.6,4.9,70.9,23.5,100.5,35.7c75.8,32.2,133.7,44.5,192.6,49.7\n\tc23.6,2.1,48.7,3.5,103.4-2.5c54.7-6,106.2-25.6,106.2-25.6V0H0v30.3c0,0,72,32.6,158.4,30.5c39.2-0.7,92.8-6.7,134-22.4\n\tc21.2-8.1,52.2-18.2,79.7-24.2C399.3,7.9,411.6,7.5,421.9,6.5z\"\/>\n<\/svg>\t\t<\/div>\n\t\t<div class=\"elementor-element elementor-element-27a47d1 e-con-full e-flex e-con e-child\" data-id=\"27a47d1\" data-element_type=\"container\" data-settings=\"{&quot;content_width&quot;:&quot;full&quot;}\">\n\t\t\t\t<div class=\"elementor-element elementor-element-c95ce72 elementor-widget elementor-widget-heading\" data-id=\"c95ce72\" data-element_type=\"widget\" data-widget_type=\"heading.default\">\n\t\t\t\t<div class=\"elementor-widget-container\">\n\t\t\t<style>\/*! elementor - v3.19.0 - 07-02-2024 *\/\n.elementor-heading-title{padding:0;margin:0;line-height:1}.elementor-widget-heading .elementor-heading-title[class*=elementor-size-]>a{color:inherit;font-size:inherit;line-height:inherit}.elementor-widget-heading .elementor-heading-title.elementor-size-small{font-size:15px}.elementor-widget-heading .elementor-heading-title.elementor-size-medium{font-size:19px}.elementor-widget-heading .elementor-heading-title.elementor-size-large{font-size:29px}.elementor-widget-heading .elementor-heading-title.elementor-size-xl{font-size:39px}.elementor-widget-heading .elementor-heading-title.elementor-size-xxl{font-size:59px}<\/style><h2 class=\"elementor-heading-title elementor-size-default\">V\u00cdKENDY<\/h2>\t\t<\/div>\n\t\t\t\t<\/div>\n\t\t\t\t<div class=\"elementor-element elementor-element-54bb385 elementor-widget elementor-widget-text-editor\" data-id=\"54bb385\" data-element_type=\"widget\" data-widget_type=\"text-editor.default\">\n\t\t\t\t<div class=\"elementor-widget-container\">\n\t\t\t<style>\/*! elementor - v3.19.0 - 07-02-2024 *\/\n.elementor-widget-text-editor.elementor-drop-cap-view-stacked .elementor-drop-cap{background-color:#69727d;color:#fff}.elementor-widget-text-editor.elementor-drop-cap-view-framed .elementor-drop-cap{color:#69727d;border:3px solid;background-color:transparent}.elementor-widget-text-editor:not(.elementor-drop-cap-view-default) .elementor-drop-cap{margin-top:8px}.elementor-widget-text-editor:not(.elementor-drop-cap-view-default) .elementor-drop-cap-letter{width:1em;height:1em}.elementor-widget-text-editor .elementor-drop-cap{float:left;text-align:center;line-height:1;font-size:50px}.elementor-widget-text-editor .elementor-drop-cap-letter{display:inline-block}<\/style>\t\t\t\t<p class=\"cvGsUA direction-ltr align-justify para-style-body\"><span class=\"a_GcMg font-feature-liga-off font-feature-clig-off font-feature-calt-off text-decoration-none text-strikethrough-none\">Vypn\u011bte autopilota, zaho\u010fte \u201cmus\u00edm\u201d a \u201cte\u010f nen\u00ed \u010das\u201d\u2026<\/span><\/p><p class=\"cvGsUA direction-ltr align-justify para-style-body\"><span class=\"a_GcMg font-feature-liga-off font-feature-clig-off font-feature-calt-off text-decoration-none text-strikethrough-none\">Odevzdejte se sama sob\u011b &#8211; v\u0161emu, co pot\u0159ebuje pozornost a nen\u00ed to nikdo, ani nikde \u201ctam\u201d venku \ud83d\ude09<\/span><\/p>\t\t\t\t\t\t<\/div>\n\t\t\t\t<\/div>\n\t\t\t\t<div class=\"elementor-element elementor-element-7a7ac2c elementor-vertical-align-top elementor-widget elementor-widget-image-box\" data-id=\"7a7ac2c\" data-element_type=\"widget\" data-widget_type=\"image-box.default\">\n\t\t\t\t<div class=\"elementor-widget-container\">\n\t\t\t<style>\/*! elementor - v3.19.0 - 07-02-2024 *\/\n.elementor-widget-image-box .elementor-image-box-content{width:100%}@media (min-width:768px){.elementor-widget-image-box.elementor-position-left .elementor-image-box-wrapper,.elementor-widget-image-box.elementor-position-right .elementor-image-box-wrapper{display:flex}.elementor-widget-image-box.elementor-position-right .elementor-image-box-wrapper{text-align:right;flex-direction:row-reverse}.elementor-widget-image-box.elementor-position-left .elementor-image-box-wrapper{text-align:left;flex-direction:row}.elementor-widget-image-box.elementor-position-top .elementor-image-box-img{margin:auto}.elementor-widget-image-box.elementor-vertical-align-top .elementor-image-box-wrapper{align-items:flex-start}.elementor-widget-image-box.elementor-vertical-align-middle .elementor-image-box-wrapper{align-items:center}.elementor-widget-image-box.elementor-vertical-align-bottom .elementor-image-box-wrapper{align-items:flex-end}}@media (max-width:767px){.elementor-widget-image-box .elementor-image-box-img{margin-left:auto!important;margin-right:auto!important;margin-bottom:15px}}.elementor-widget-image-box .elementor-image-box-img{display:inline-block}.elementor-widget-image-box .elementor-image-box-title a{color:inherit}.elementor-widget-image-box .elementor-image-box-wrapper{text-align:center}.elementor-widget-image-box .elementor-image-box-description{margin:0}<\/style><div class=\"elementor-image-box-wrapper\"><div class=\"elementor-image-box-content\"><h3 class=\"elementor-image-box-title\"><a href=\"https:\/\/www.ladadudova.cz\/?page_id=2771\">\u017densk\u00fd v\u00edkendov\u00fd retreat- 12.-14.6..2026<br><\/a><\/h3><\/div><\/div>\t\t<\/div>\n\t\t\t\t<\/div>\n\t\t\t\t<div class=\"elementor-element elementor-element-34e915c elementor-widget elementor-widget-image\" data-id=\"34e915c\" data-element_type=\"widget\" data-widget_type=\"image.default\">\n\t\t\t\t<div class=\"elementor-widget-container\">\n\t\t\t<style>\/*! elementor - v3.19.0 - 07-02-2024 *\/\n.elementor-widget-image{text-align:center}.elementor-widget-image a{display:inline-block}.elementor-widget-image a img[src$=\".svg\"]{width:48px}.elementor-widget-image img{vertical-align:middle;display:inline-block}<\/style>\t\t\t\t\t\t\t\t\t\t<img fetchpriority=\"high\" decoding=\"async\" width=\"655\" height=\"1024\" src=\"https:\/\/www.ladadudova.cz\/wp-content\/uploads\/2026\/01\/lada-dudova-Zahrada-Zivlu-3-655x1024.jpg\" class=\"attachment-large size-large wp-image-3515\" alt=\"\" srcset=\"https:\/\/www.ladadudova.cz\/wp-content\/uploads\/2026\/01\/lada-dudova-Zahrada-Zivlu-3-655x1024.jpg 655w, https:\/\/www.ladadudova.cz\/wp-content\/uploads\/2026\/01\/lada-dudova-Zahrada-Zivlu-3-192x300.jpg 192w, https:\/\/www.ladadudova.cz\/wp-content\/uploads\/2026\/01\/lada-dudova-Zahrada-Zivlu-3-768x1200.jpg 768w, https:\/\/www.ladadudova.cz\/wp-content\/uploads\/2026\/01\/lada-dudova-Zahrada-Zivlu-3-983x1536.jpg 983w, https:\/\/www.ladadudova.cz\/wp-content\/uploads\/2026\/01\/lada-dudova-Zahrada-Zivlu-3.jpg 1280w\" sizes=\"(max-width: 655px) 100vw, 655px\" \/>\t\t\t\t\t\t\t\t\t\t\t\t\t<\/div>\n\t\t\t\t<\/div>\n\t\t\t\t<div class=\"elementor-element elementor-element-4952a43 elementor-widget elementor-widget-button\" data-id=\"4952a43\" data-element_type=\"widget\" data-widget_type=\"button.default\">\n\t\t\t\t<div class=\"elementor-widget-container\">\n\t\t\t\t\t<div class=\"elementor-button-wrapper\">\n\t\t\t<a class=\"elementor-button elementor-button-link elementor-size-sm\" href=\"https:\/\/www.ladadudova.cz\/?page_id=2771\">\n\t\t\t\t\t\t<span class=\"elementor-button-content-wrapper\">\n\t\t\t\t\t\t<span class=\"elementor-button-text\">V\u00edce<\/span>\n\t\t<\/span>\n\t\t\t\t\t<\/a>\n\t\t<\/div>\n\t\t\t\t<\/div>\n\t\t\t\t<\/div>\n\t\t\t\t<\/div>\n\t\t<div class=\"elementor-element elementor-element-4ec5ae1 e-con-full e-flex e-con e-child\" data-id=\"4ec5ae1\" data-element_type=\"container\" data-settings=\"{&quot;content_width&quot;:&quot;full&quot;}\">\n\t\t\t\t<div class=\"elementor-element elementor-element-7d84747 animated-slow elementor-invisible elementor-widget elementor-widget-image\" data-id=\"7d84747\" data-element_type=\"widget\" data-settings=\"{&quot;_animation&quot;:&quot;fadeIn&quot;,&quot;_animation_delay&quot;:200}\" data-widget_type=\"image.default\">\n\t\t\t\t<div class=\"elementor-widget-container\">\n\t\t\t\t\t\t\t\t\t\t\t\t\t<img decoding=\"async\" width=\"800\" height=\"532\" src=\"https:\/\/www.ladadudova.cz\/wp-content\/uploads\/2026\/01\/DSC_5701-1-1024x681.jpg\" class=\"attachment-large size-large wp-image-3529\" alt=\"\" srcset=\"https:\/\/www.ladadudova.cz\/wp-content\/uploads\/2026\/01\/DSC_5701-1-1024x681.jpg 1024w, https:\/\/www.ladadudova.cz\/wp-content\/uploads\/2026\/01\/DSC_5701-1-300x200.jpg 300w, https:\/\/www.ladadudova.cz\/wp-content\/uploads\/2026\/01\/DSC_5701-1-768x511.jpg 768w, https:\/\/www.ladadudova.cz\/wp-content\/uploads\/2026\/01\/DSC_5701-1-1536x1022.jpg 1536w, https:\/\/www.ladadudova.cz\/wp-content\/uploads\/2026\/01\/DSC_5701-1-2048x1362.jpg 2048w\" sizes=\"(max-width: 800px) 100vw, 800px\" \/>\t\t\t\t\t\t\t\t\t\t\t\t\t<\/div>\n\t\t\t\t<\/div>\n\t\t\t\t<div class=\"elementor-element elementor-element-ba1fbda animated-slow elementor-invisible elementor-widget elementor-widget-image\" data-id=\"ba1fbda\" data-element_type=\"widget\" data-settings=\"{&quot;_animation&quot;:&quot;fadeIn&quot;,&quot;_animation_delay&quot;:300}\" data-widget_type=\"image.default\">\n\t\t\t\t<div class=\"elementor-widget-container\">\n\t\t\t\t\t\t\t\t\t\t\t\t\t<img decoding=\"async\" width=\"698\" height=\"684\" src=\"https:\/\/www.ladadudova.cz\/wp-content\/uploads\/2024\/02\/ADE_6256-e1708363354947.jpg\" class=\"attachment-large size-large wp-image-2716\" alt=\"\" srcset=\"https:\/\/www.ladadudova.cz\/wp-content\/uploads\/2024\/02\/ADE_6256-e1708363354947.jpg 698w, https:\/\/www.ladadudova.cz\/wp-content\/uploads\/2024\/02\/ADE_6256-e1708363354947-300x294.jpg 300w\" sizes=\"(max-width: 698px) 100vw, 698px\" \/>\t\t\t\t\t\t\t\t\t\t\t\t\t<\/div>\n\t\t\t\t<\/div>\n\t\t\t\t<\/div>\n\t\t\t\t\t<\/div>\n\t\t\t\t<\/div>\n\t\t<div class=\"elementor-element elementor-element-ff1de89 e-flex e-con-boxed e-con e-parent\" data-id=\"ff1de89\" data-element_type=\"container\" data-settings=\"{&quot;content_width&quot;:&quot;boxed&quot;}\" data-core-v316-plus=\"true\">\n\t\t\t\t\t<div class=\"e-con-inner\">\n\t\t<div class=\"elementor-element elementor-element-65392c8 e-con-full e-flex e-con e-child\" data-id=\"65392c8\" data-element_type=\"container\" data-settings=\"{&quot;content_width&quot;:&quot;full&quot;}\">\n\t\t\t\t<div class=\"elementor-element elementor-element-d563cea elementor-widget elementor-widget-spacer\" data-id=\"d563cea\" data-element_type=\"widget\" data-widget_type=\"spacer.default\">\n\t\t\t\t<div class=\"elementor-widget-container\">\n\t\t\t<style>\/*! elementor - v3.19.0 - 07-02-2024 *\/\n.elementor-column .elementor-spacer-inner{height:var(--spacer-size)}.e-con{--container-widget-width:100%}.e-con-inner>.elementor-widget-spacer,.e-con>.elementor-widget-spacer{width:var(--container-widget-width,var(--spacer-size));--align-self:var(--container-widget-align-self,initial);--flex-shrink:0}.e-con-inner>.elementor-widget-spacer>.elementor-widget-container,.e-con>.elementor-widget-spacer>.elementor-widget-container{height:100%;width:100%}.e-con-inner>.elementor-widget-spacer>.elementor-widget-container>.elementor-spacer,.e-con>.elementor-widget-spacer>.elementor-widget-container>.elementor-spacer{height:100%}.e-con-inner>.elementor-widget-spacer>.elementor-widget-container>.elementor-spacer>.elementor-spacer-inner,.e-con>.elementor-widget-spacer>.elementor-widget-container>.elementor-spacer>.elementor-spacer-inner{height:var(--container-widget-height,var(--spacer-size))}.e-con-inner>.elementor-widget-spacer.elementor-widget-empty,.e-con>.elementor-widget-spacer.elementor-widget-empty{position:relative;min-height:22px;min-width:22px}.e-con-inner>.elementor-widget-spacer.elementor-widget-empty .elementor-widget-empty-icon,.e-con>.elementor-widget-spacer.elementor-widget-empty .elementor-widget-empty-icon{position:absolute;top:0;bottom:0;left:0;right:0;margin:auto;padding:0;width:22px;height:22px}<\/style>\t\t<div class=\"elementor-spacer\">\n\t\t\t<div class=\"elementor-spacer-inner\"><\/div>\n\t\t<\/div>\n\t\t\t\t<\/div>\n\t\t\t\t<\/div>\n\t\t\t\t<div class=\"elementor-element elementor-element-3affbd6 elementor-widget elementor-widget-heading\" data-id=\"3affbd6\" data-element_type=\"widget\" data-widget_type=\"heading.default\">\n\t\t\t\t<div class=\"elementor-widget-container\">\n\t\t\t<h2 class=\"elementor-heading-title elementor-size-default\">Jak to prob\u00edh\u00e1?<\/h2>\t\t<\/div>\n\t\t\t\t<\/div>\n\t\t\t\t<div class=\"elementor-element elementor-element-2381c39 elementor-widget elementor-widget-text-editor\" data-id=\"2381c39\" data-element_type=\"widget\" data-widget_type=\"text-editor.default\">\n\t\t\t\t<div class=\"elementor-widget-container\">\n\t\t\t\t\t\t\t<ul><li>nech\u00e1v\u00e1m prol\u00ednat cvi\u010den\u00ed inspirovan\u00e9 pilates, j\u00f3gou, speci\u00e1ln\u00edm cvi\u010den\u00edm pro hlubok\u00fd stabiliza\u010dn\u00ed syst\u00e9m, aby podporovala vn\u00edm\u00e1n\u00ed, uvoln\u011bn\u00ed a vnit\u0159n\u00ed oporu<\/li><li>vyu\u017e\u00edv\u00e1m jednoduch\u00e1 pro\u017eitkov\u00e1 cvi\u010den\u00ed: pom\u00e1haj\u00ed n\u00e1m si uv\u011bdomit za\u017eit\u00e9 vzorce, vnit\u0159n\u00ed nastaven\u00ed a reakce, kter\u00e9 u\u017e n\u00e1m neslou\u017e\u00ed. Nejde o &#8222;terapii&#8220; ani dramatick\u00e9 konstelace, ale o bezpe\u010dn\u00fd a srozumiteln\u00fd zp\u016fsob, jak skrze t\u011blo a pozornost zaznamenat, co se v n\u00e1s d\u011bje a d\u00e1t tomu prostor se p\u0159irozen\u011b\u00a0 p\u0159euspo\u0159\u00e1dat.<\/li><li class=\"p1\">n\u00e1dhern\u00e1 hudba n\u00e1s prov\u00e1z\u00ed po cely\u0301 v\u00edkend<\/li><\/ul><p>Pus\u0165te si do \u017eivota \u010derstvost a uvoln\u011bn\u00ed<\/p><p><strong>V\u0161e prob\u00edh\u00e1 v tempu, kter\u00e9 respektuje hranice ka\u017ed\u00e9 \u017eeny. Ka\u017ed\u00e1 si bere jen to, co je pro ni v danou chv\u00edli \u00fanosn\u00e9 a smyslupln\u00e9.<\/strong><\/p><p>\u010casto pr\u00e1v\u011b tyto jednoduch\u00e9 momenty p\u0159in\u00e1\u0161ej\u00ed nadhled \u00falevu a pocit, \u017ee v\u011bci mohou b\u00fdt leh\u010d\u00ed.<\/p><p class=\"p1\">T\u011b\u0161\u00edm se na v\u00e1s!<\/p>\t\t\t\t\t\t<\/div>\n\t\t\t\t<\/div>\n\t\t\t\t<\/div>\n\t\t<div class=\"elementor-element elementor-element-dcc9d87 e-con-full e-flex e-con e-child\" data-id=\"dcc9d87\" data-element_type=\"container\" data-settings=\"{&quot;content_width&quot;:&quot;full&quot;}\">\n\t\t\t\t<div class=\"elementor-element elementor-element-fdb0d55 elementor-widget elementor-widget-text-editor\" data-id=\"fdb0d55\" data-element_type=\"widget\" data-widget_type=\"text-editor.default\">\n\t\t\t\t<div class=\"elementor-widget-container\">\n\t\t\t\t\t\t\t<ul><li>2x cvi\u010den\u00ed 90 -120 minut a 2&#215;75-90min<\/li><li>&#8222;cvi\u010den\u00ed zahrnuj\u00ed cvi\u010den\u00ed dechov\u00e1, protahovac\u00ed, bioenergetick\u00e1 a jednoduch\u00e1 pro\u017eitkov\u00e1 cvi\u010den\u00ed.<\/li><li>Za\u010dneme ve\u010der prota\u017een\u00edm uvoln\u011bn\u00edm, relaxac\u00ed&#8230;<\/li><li class=\"p1\">Druh\u00fd den zah\u00e1j\u00edme sn\u00eddan\u00ed, \u010dajem ,k\u00e1vou, proch\u00e1zkou v zahrad\u011b (\u017e\u00e1dn\u00fd sp\u011bch)<\/li><li class=\"p1\">Pozd\u011bji dopoledne se sejdeme, abychom se prot\u00e1hly a naladily t\u011blo<\/li><li class=\"p1\">B\u011bhem odpoledne n\u00e1s \u010dek\u00e1 mal\u00fd ob\u011bd (pol\u00e9vka a dezert)<\/li><li>Koup\u00e1n\u00ed, proch\u00e1zka&#8230;co si kter\u00e1 p\u0159eje..t\u0159eba i sp\u00e1nek..<\/li><li>Ve\u010dern\u00ed prota\u017een\u00ed<\/li><li class=\"p1\">Ve\u010de\u0159e, skleni\u010dka v\u00edna, pozorov\u00e1n\u00ed utichaj\u00edc\u00ed p\u0159\u00edrody<\/li><li class=\"p1\">a v ned\u011bli se zase dob\u0159e naj\u00edme a prot\u00e1hneme<\/li><\/ul>\t\t\t\t\t\t<\/div>\n\t\t\t\t<\/div>\n\t\t\t\t<\/div>\n\t\t\t\t\t<\/div>\n\t\t\t\t<\/div>\n\t\t\t\t<\/div>\n\t\t","protected":false},"excerpt":{"rendered":"<p>V\u00cdKENDY Vypn\u011bte autopilota, zaho\u010fte \u201cmus\u00edm\u201d a \u201cte\u010f nen\u00ed \u010das\u201d\u2026 Odevzdejte se sama sob\u011b &#8211; v\u0161emu, co pot\u0159ebuje pozornost a nen\u00ed to nikdo, ani nikde \u201ctam\u201d venku \ud83d\ude09 \u017densk\u00fd v\u00edkendov\u00fd retreat- 12.-14.6..2026 V\u00edce Jak to prob\u00edh\u00e1? nech\u00e1v\u00e1m prol\u00ednat cvi\u010den\u00ed inspirovan\u00e9 pilates, j\u00f3gou, speci\u00e1ln\u00edm cvi\u010den\u00edm pro hlubok\u00fd stabiliza\u010dn\u00ed syst\u00e9m, aby podporovala vn\u00edm\u00e1n\u00ed, uvoln\u011bn\u00ed a vnit\u0159n\u00ed oporu vyu\u017e\u00edv\u00e1m [&hellip;]<\/p>\n","protected":false},"author":1,"featured_media":0,"parent":0,"menu_order":0,"comment_status":"closed","ping_status":"closed","template":"","meta":{"footnotes":""},"class_list":["post-2081","page","type-page","status-publish","hentry"],"_links":{"self":[{"href":"https:\/\/www.ladadudova.cz\/index.php?rest_route=\/wp\/v2\/pages\/2081","targetHints":{"allow":["GET"]}}],"collection":[{"href":"https:\/\/www.ladadudova.cz\/index.php?rest_route=\/wp\/v2\/pages"}],"about":[{"href":"https:\/\/www.ladadudova.cz\/index.php?rest_route=\/wp\/v2\/types\/page"}],"author":[{"embeddable":true,"href":"https:\/\/www.ladadudova.cz\/index.php?rest_route=\/wp\/v2\/users\/1"}],"replies":[{"embeddable":true,"href":"https:\/\/www.ladadudova.cz\/index.php?rest_route=%2Fwp%2Fv2%2Fcomments&post=2081"}],"version-history":[{"count":93,"href":"https:\/\/www.ladadudova.cz\/index.php?rest_route=\/wp\/v2\/pages\/2081\/revisions"}],"predecessor-version":[{"id":3542,"href":"https:\/\/www.ladadudova.cz\/index.php?rest_route=\/wp\/v2\/pages\/2081\/revisions\/3542"}],"wp:attachment":[{"href":"https:\/\/www.ladadudova.cz\/index.php?rest_route=%2Fwp%2Fv2%2Fmedia&parent=2081"}],"curies":[{"name":"wp","href":"https:\/\/api.w.org\/{rel}","templated":true}]}}